{"id":4,"date":"2017-05-15T21:10:38","date_gmt":"2017-05-15T19:10:38","guid":{"rendered":"http:\/\/www.lavallearcenciel.com\/?page_id=4"},"modified":"2018-07-10T13:36:11","modified_gmt":"2018-07-10T11:36:11","slug":"accueil","status":"publish","type":"page","link":"https:\/\/www.pixanimal-studio.com\/websites\/lavalleearcenciel\/fr\/","title":{"rendered":"Accueil &#8211; FR"},"content":{"rendered":"<h6><img loading=\"lazy\" decoding=\"async\" class=\"alignright size-full wp-image-71\" src=\"https:\/\/www.pixanimal-studio.com\/websites\/lavalleearcenciel\/wp-content\/uploads\/2017\/05\/home_iris.jpg\" alt=\"\" width=\"330\" height=\"330\" srcset=\"https:\/\/www.pixanimal-studio.com\/websites\/lavalleearcenciel\/wp-content\/uploads\/2017\/05\/home_iris.jpg 330w, https:\/\/www.pixanimal-studio.com\/websites\/lavalleearcenciel\/wp-content\/uploads\/2017\/05\/home_iris-150x150.jpg 150w, https:\/\/www.pixanimal-studio.com\/websites\/lavalleearcenciel\/wp-content\/uploads\/2017\/05\/home_iris-300x300.jpg 300w\" sizes=\"auto, (max-width: 330px) 85vw, 330px\" \/>Chalut \u00e0 tous !<\/h6>\n<p>Je tiens \u00e0 vous faire conna\u00eetre mes coups de c\u0153urs pour les chats.<\/p>\n<p>J\u2019ai, on peut le dire, la \u201cPASSION\u201d des chats. Cette \u201cpassion\u201d est en fait \u00e9tendue \u00e0 tout le monde animalier qu\u2019il soit domestique ou sauvage.<br \/>\nJe souhaiterais vous la faire partager gr\u00e2ce \u00e0 mes boules d\u2019amour.<br \/>\nCependant, je dirais plut\u00f4t que c\u2019est un partage de temps, d\u2019espace (quoi qu&rsquo;ils soient si envahissants!) et surtout de tendresse. Il faut avant tout savoir laisser \u00e0 chacun ses moments de solitude et d\u2019intimit\u00e9. Alors l\u00e0 c\u2019est le bonheur sans limites.<\/p>\n<h6>Apr\u00e8s les grands voyageurs et les Persans,<br \/>\nles Sacr\u00e9s de Birmanie sont entr\u00e9s dans ma vie.<\/h6>\n<p>J\u2019ai eu longtemps des persans mais aussi et toujours ce que j\u2019appellerais avec affection les \u201cgrands voyageurs\u201d, ceux que l&rsquo;on recueille \u00e0 la SPA, que l&rsquo;on trouve dans un caniveau ou qui apparaissent par miracle dans le jardin.<br \/>\n<img loading=\"lazy\" decoding=\"async\" class=\"alignleft size-full wp-image-73\" src=\"https:\/\/www.pixanimal-studio.com\/websites\/lavalleearcenciel\/wp-content\/uploads\/2017\/05\/home_iris2.jpg\" alt=\"\" width=\"280\" height=\"280\" srcset=\"https:\/\/www.pixanimal-studio.com\/websites\/lavalleearcenciel\/wp-content\/uploads\/2017\/05\/home_iris2.jpg 280w, https:\/\/www.pixanimal-studio.com\/websites\/lavalleearcenciel\/wp-content\/uploads\/2017\/05\/home_iris2-150x150.jpg 150w\" sizes=\"auto, (max-width: 280px) 85vw, 280px\" \/><br \/>\nJe poursuis mes aventures f\u00e9lines avec le chat Sacr\u00e9 de Birmanie, si myst\u00e9rieux, si charmants !<\/p>\n<h6>Mais chaque chat \u00e0 ses qualit\u00e9s propres qu\u2019il soit de race ou non.<\/h6>\n<p>Je remercie d\u00e9j\u00e0 \u00e9norm\u00e9ment mes chat&#8230;mis qui m\u2019ont aid\u00e9e et m\u2019ont confi\u00e9 sans r\u00e9serve aucune tout leur savoir mais surtout leurs pr\u00e9cieux petits z\u2019amours. Ils sauront se reconna\u00eetre.<\/p>\n<p>Quand on a des chats la plus saine des devises est \u201cd\u2019\u00eatre \u00e0 leur \u00e9coute sans pour autant tomber dans l\u2019exc\u00e8s et c\u00e9der \u00e0 tout\u201d . La respecter apporte une belle harmonie et un vrai bonheur pour le propri\u00e9taire.<\/p>\n<h6>Chat&#8230;miti\u00e9ssssssssss<br \/>\nKatou \u00a0 \u00a0 \u00a0=^..^*=<\/h6>\n<p>&nbsp;<\/p>\n<h4>Membre de Birmania &amp; Co<\/h4>\n<p><img loading=\"lazy\" decoding=\"async\" class=\"alignnone size-full wp-image-81 \" src=\"https:\/\/www.pixanimal-studio.com\/websites\/lavalleearcenciel\/wp-content\/uploads\/2017\/05\/home_birman_and_co.png\" alt=\"\" width=\"68\" height=\"48\" \/><\/p>\n","protected":false},"excerpt":{"rendered":"<p>Chalut \u00e0 tous ! Je tiens \u00e0 vous faire conna\u00eetre mes coups de c\u0153urs pour les chats. J\u2019ai, on peut le dire, la \u201cPASSION\u201d des chats. Cette \u201cpassion\u201d est en fait \u00e9tendue \u00e0 tout le monde animalier qu\u2019il soit domestique ou sauvage. Je souhaiterais vous la faire partager gr\u00e2ce \u00e0 mes boules d\u2019amour. Cependant, je &hellip; <a href=\"https:\/\/www.pixanimal-studio.com\/websites\/lavalleearcenciel\/fr\/\" class=\"more-link\">Continuer la lecture<span class=\"screen-reader-text\"> de &laquo;&nbsp;Accueil &#8211; FR&nbsp;&raquo;<\/span><\/a><\/p>\n","protected":false},"author":1,"featured_media":0,"parent":0,"menu_order":0,"comment_status":"closed","ping_status":"closed","template":"","meta":{"footnotes":""},"class_list":["post-4","page","type-page","status-publish","hentry"],"_links":{"self":[{"href":"https:\/\/www.pixanimal-studio.com\/websites\/lavalleearcenciel\/wp-json\/wp\/v2\/pages\/4","targetHints":{"allow":["GET"]}}],"collection":[{"href":"https:\/\/www.pixanimal-studio.com\/websites\/lavalleearcenciel\/wp-json\/wp\/v2\/pages"}],"about":[{"href":"https:\/\/www.pixanimal-studio.com\/websites\/lavalleearcenciel\/wp-json\/wp\/v2\/types\/page"}],"author":[{"embeddable":true,"href":"https:\/\/www.pixanimal-studio.com\/websites\/lavalleearcenciel\/wp-json\/wp\/v2\/users\/1"}],"replies":[{"embeddable":true,"href":"https:\/\/www.pixanimal-studio.com\/websites\/lavalleearcenciel\/wp-json\/wp\/v2\/comments?post=4"}],"version-history":[{"count":24,"href":"https:\/\/www.pixanimal-studio.com\/websites\/lavalleearcenciel\/wp-json\/wp\/v2\/pages\/4\/revisions"}],"predecessor-version":[{"id":570,"href":"https:\/\/www.pixanimal-studio.com\/websites\/lavalleearcenciel\/wp-json\/wp\/v2\/pages\/4\/revisions\/570"}],"wp:attachment":[{"href":"https:\/\/www.pixanimal-studio.com\/websites\/lavalleearcenciel\/wp-json\/wp\/v2\/media?parent=4"}],"curies":[{"name":"wp","href":"https:\/\/api.w.org\/{rel}","templated":true}]}}