{"id":327,"date":"2017-05-31T18:04:40","date_gmt":"2017-05-31T16:04:40","guid":{"rendered":"http:\/\/www.lavallearcenciel.com\/?page_id=327"},"modified":"2018-07-10T13:30:11","modified_gmt":"2018-07-10T11:30:11","slug":"pedigree-anubis","status":"publish","type":"page","link":"https:\/\/www.pixanimal-studio.com\/websites\/lavalleearcenciel\/fr\/pedigree-anubis\/","title":{"rendered":"Pedigree Anubis (fr)"},"content":{"rendered":"<h3>P\u00e9digr\u00e9e Anubis\u00a0delle Ninfe del Lago, M, SBI n<\/h3>\n<p>P\u00e9digr\u00e9e sur <a href=\"https:\/\/www.pawpeds.com\/db\/?a=p&amp;id=1270074&amp;g=4&amp;p=sbi&amp;o=ajgrep\" target=\"_blank\" rel=\"noopener noreferrer\">Pawpeds.com<\/a><\/p>\n<p style=\"text-align: center;\"><strong>P\u00e8re<\/strong> :<img loading=\"lazy\" decoding=\"async\" src=\"https:\/\/www.pixanimal-studio.com\/websites\/lavalleearcenciel\/wp-content\/uploads\/2017\/06\/pedigree_anubis_pere-1.png\" alt=\"\" width=\"1256\" height=\"820\" class=\"alignnone size-full wp-image-420\" \/>\n<\/p>\n<p style=\"text-align: center;\"><strong>M\u00e8re<\/strong> :<img loading=\"lazy\" decoding=\"async\" src=\"https:\/\/www.pixanimal-studio.com\/websites\/lavalleearcenciel\/wp-content\/uploads\/2017\/05\/pedigree_anubis_mere-2.png\" alt=\"\" width=\"1256\" height=\"820\" class=\"alignnone size-full wp-image-421\" srcset=\"https:\/\/www.pixanimal-studio.com\/websites\/lavalleearcenciel\/wp-content\/uploads\/2017\/05\/pedigree_anubis_mere-2.png 1256w, https:\/\/www.pixanimal-studio.com\/websites\/lavalleearcenciel\/wp-content\/uploads\/2017\/05\/pedigree_anubis_mere-2-300x196.png 300w, https:\/\/www.pixanimal-studio.com\/websites\/lavalleearcenciel\/wp-content\/uploads\/2017\/05\/pedigree_anubis_mere-2-768x501.png 768w, https:\/\/www.pixanimal-studio.com\/websites\/lavalleearcenciel\/wp-content\/uploads\/2017\/05\/pedigree_anubis_mere-2-1024x669.png 1024w, https:\/\/www.pixanimal-studio.com\/websites\/lavalleearcenciel\/wp-content\/uploads\/2017\/05\/pedigree_anubis_mere-2-1200x783.png 1200w\" sizes=\"auto, (max-width: 709px) 85vw, (max-width: 909px) 67vw, (max-width: 1362px) 62vw, 840px\" \/><\/p>\n","protected":false},"excerpt":{"rendered":"<p>P\u00e9digr\u00e9e Anubis\u00a0delle Ninfe del Lago, M, SBI n P\u00e9digr\u00e9e sur Pawpeds.com P\u00e8re : M\u00e8re :<\/p>\n","protected":false},"author":1,"featured_media":0,"parent":0,"menu_order":0,"comment_status":"closed","ping_status":"closed","template":"","meta":{"footnotes":""},"class_list":["post-327","page","type-page","status-publish","hentry"],"_links":{"self":[{"href":"https:\/\/www.pixanimal-studio.com\/websites\/lavalleearcenciel\/wp-json\/wp\/v2\/pages\/327","targetHints":{"allow":["GET"]}}],"collection":[{"href":"https:\/\/www.pixanimal-studio.com\/websites\/lavalleearcenciel\/wp-json\/wp\/v2\/pages"}],"about":[{"href":"https:\/\/www.pixanimal-studio.com\/websites\/lavalleearcenciel\/wp-json\/wp\/v2\/types\/page"}],"author":[{"embeddable":true,"href":"https:\/\/www.pixanimal-studio.com\/websites\/lavalleearcenciel\/wp-json\/wp\/v2\/users\/1"}],"replies":[{"embeddable":true,"href":"https:\/\/www.pixanimal-studio.com\/websites\/lavalleearcenciel\/wp-json\/wp\/v2\/comments?post=327"}],"version-history":[{"count":17,"href":"https:\/\/www.pixanimal-studio.com\/websites\/lavalleearcenciel\/wp-json\/wp\/v2\/pages\/327\/revisions"}],"predecessor-version":[{"id":560,"href":"https:\/\/www.pixanimal-studio.com\/websites\/lavalleearcenciel\/wp-json\/wp\/v2\/pages\/327\/revisions\/560"}],"wp:attachment":[{"href":"https:\/\/www.pixanimal-studio.com\/websites\/lavalleearcenciel\/wp-json\/wp\/v2\/media?parent=327"}],"curies":[{"name":"wp","href":"https:\/\/api.w.org\/{rel}","templated":true}]}}