{"id":296,"date":"2017-05-31T15:48:23","date_gmt":"2017-05-31T13:48:23","guid":{"rendered":"http:\/\/www.lavallearcenciel.com\/?page_id=296"},"modified":"2019-10-03T18:29:54","modified_gmt":"2019-10-03T16:29:54","slug":"palmares-iris-fr","status":"publish","type":"page","link":"https:\/\/www.pixanimal-studio.com\/websites\/lavalleearcenciel\/fr\/palmares-iris-fr\/","title":{"rendered":"Palmar\u00e8s Iris (fr)"},"content":{"rendered":"<h3>Palmar\u00e8s Iris<\/h3>\n<h5 style=\"text-align: center;\">\u00ab\u00a0Expositions tropicales : La R\u00e9union\u00a0\u00bb<\/h5>\n<p style=\"text-align: center;\"><em>Qualification SQR : niveau 3 S\u00e9lectionn\u00e9e<\/em><\/p>\n<h6>29 september 2019 &#8211; Saint-Denis (AFR)<\/h6>\n<p><span style=\"color: #993366;\"><b>Iris \u00a0est \u00a0Triple\u00a0<\/b><\/span><span style=\"color: #993366;\"><span style=\"caret-color: #993366;\"><b>Championne \u00a0 =^..^*=<\/b><\/span><\/span><\/p>\n<p><strong>matin : Juge Aline No\u00ebl<\/strong><br \/>\n4i\u00e8me CAGCI<br \/>\nBest Vari\u00e9t\u00e9 , Nomin\u00e9e Best in Show<\/p>\n<p><strong>apr\u00e8s-midi : Juge H\u00e9l\u00e8ne Guillaume<\/strong><br \/>\n3i\u00e8me CAGCI<br \/>\nBest Vari\u00e9t\u00e9 , Nomin\u00e9e Best in Show<\/p>\n<h6>28 septembre 2019 &#8211; Saint-Denis (AFR)<\/h6>\n<p><strong>apr\u00e8s-midi : Juge Richard Maignault, contresign\u00e9 par juge Corinne Michaux<\/strong><br \/>\n2i\u00e8me CAGCI<br \/>\nBest Vari\u00e9t\u00e9 , Nomin\u00e9e Best in Show<\/p>\n<p><a href=\"https:\/\/www.pixanimal-studio.com\/websites\/lavalleearcenciel\/wp-content\/uploads\/2017\/05\/IRIS_A.jpg\"><img loading=\"lazy\" decoding=\"async\" class=\"size-medium wp-image-306 aligncenter\" style=\"margin-right: 2rem;\" src=\"https:\/\/www.pixanimal-studio.com\/websites\/lavalleearcenciel\/wp-content\/uploads\/2017\/05\/IRIS_A-225x300.jpg\" alt=\"\" width=\"225\" height=\"300\" srcset=\"https:\/\/www.pixanimal-studio.com\/websites\/lavalleearcenciel\/wp-content\/uploads\/2017\/05\/IRIS_A-225x300.jpg 225w, https:\/\/www.pixanimal-studio.com\/websites\/lavalleearcenciel\/wp-content\/uploads\/2017\/05\/IRIS_A-768x1024.jpg 768w, https:\/\/www.pixanimal-studio.com\/websites\/lavalleearcenciel\/wp-content\/uploads\/2017\/05\/IRIS_A-1200x1600.jpg 1200w\" sizes=\"auto, (max-width: 225px) 85vw, 225px\" \/><\/a><\/p>\n<h6>01 Octobre 2017 &#8211; Saint-Denis (AFR)<\/h6>\n<p><span style=\"color: #993366;\"><b>Iris est Double Championne<\/b><\/span><\/p>\n<p><strong>matin : Juge Aline No\u00ebl<\/strong><br \/>\n3i\u00e8me CACIB<br \/>\nBest in Show<br \/>\nNomin\u00e9e Best of Best<\/p>\n<p><strong>apr\u00e8s-midi : Juge Richard Maignault<\/strong><br \/>\n1er CAGCI<br \/>\nNomin\u00e9e Best in Show<\/p>\n<h6>30 Septembre 2017 &#8211; Saint-Denis (AFR)<\/h6>\n<p><strong>apr\u00e8s-midi : Juge Jacques Grognet<\/strong><br \/>\n2i\u00e8me CACIB<br \/>\nNomin\u00e9e Best in Show<\/p>\n<p><span style=\"color: #993366;\"><b><a href=\"https:\/\/www.pixanimal-studio.com\/websites\/lavalleearcenciel\/wp-content\/uploads\/2017\/05\/IRIS_C.jpg\"><img loading=\"lazy\" decoding=\"async\" class=\"size-medium wp-image-310 aligncenter\" src=\"https:\/\/www.pixanimal-studio.com\/websites\/lavalleearcenciel\/wp-content\/uploads\/2017\/05\/IRIS_C-225x300.jpg\" alt=\"\" width=\"225\" height=\"300\" srcset=\"https:\/\/www.pixanimal-studio.com\/websites\/lavalleearcenciel\/wp-content\/uploads\/2017\/05\/IRIS_C-225x300.jpg 225w, https:\/\/www.pixanimal-studio.com\/websites\/lavalleearcenciel\/wp-content\/uploads\/2017\/05\/IRIS_C-768x1024.jpg 768w, https:\/\/www.pixanimal-studio.com\/websites\/lavalleearcenciel\/wp-content\/uploads\/2017\/05\/IRIS_C-1200x1600.jpg 1200w\" sizes=\"auto, (max-width: 225px) 85vw, 225px\" \/><\/a><\/b><\/span><\/p>\n<h6>20 Septembre 2015 &#8211; Saint-Denis (AFR)<\/h6>\n<p><span style=\"color: #993366;\"><b>Iris est Championne<\/b><\/span><\/p>\n<p><strong>Juge Aline No\u00ebl<\/strong><br \/>\n3i\u00e8me CAC<br \/>\nBest Variet\u00e9 birman blue point<br \/>\nNomin\u00e9e Best in Show<\/p>\n<p><strong>Juge Richard Maignaut<\/strong><br \/>\n1er CACIB<br \/>\n<a href=\"https:\/\/www.pixanimal-studio.com\/websites\/lavalleearcenciel\/wp-content\/uploads\/2017\/05\/IRIS_B.jpg\"><img loading=\"lazy\" decoding=\"async\" class=\"size-medium wp-image-313 aligncenter\" src=\"https:\/\/www.pixanimal-studio.com\/websites\/lavalleearcenciel\/wp-content\/uploads\/2017\/05\/IRIS_B-225x300.jpg\" alt=\"\" width=\"225\" height=\"300\" srcset=\"https:\/\/www.pixanimal-studio.com\/websites\/lavalleearcenciel\/wp-content\/uploads\/2017\/05\/IRIS_B-225x300.jpg 225w, https:\/\/www.pixanimal-studio.com\/websites\/lavalleearcenciel\/wp-content\/uploads\/2017\/05\/IRIS_B-768x1024.jpg 768w, https:\/\/www.pixanimal-studio.com\/websites\/lavalleearcenciel\/wp-content\/uploads\/2017\/05\/IRIS_B-1200x1600.jpg 1200w\" sizes=\"auto, (max-width: 225px) 85vw, 225px\" \/><\/a><\/p>\n<h6>14 Septembre 2014 &#8211; Saint-Denis (AFR)<\/h6>\n<p>Best in Show femelle poil mi-longs<\/p>\n<p><strong>Juge Corinne Michaux<\/strong><br \/>\n1er CAC<br \/>\nBest Variet\u00e9 birman blue point<\/p>\n<p><strong>Juge Aline No\u00ebl<\/strong><br \/>\n2i\u00e8me CAC<br \/>\nBest Vari\u00e9t\u00e9 birman blue point<\/p>\n<p><strong><a href=\"https:\/\/www.pixanimal-studio.com\/websites\/lavalleearcenciel\/wp-content\/uploads\/2017\/05\/IRIS_D.jpg\"><img loading=\"lazy\" decoding=\"async\" class=\"size-medium wp-image-314 aligncenter\" src=\"https:\/\/www.pixanimal-studio.com\/websites\/lavalleearcenciel\/wp-content\/uploads\/2017\/05\/IRIS_D-225x300.jpg\" alt=\"\" width=\"225\" height=\"300\" srcset=\"https:\/\/www.pixanimal-studio.com\/websites\/lavalleearcenciel\/wp-content\/uploads\/2017\/05\/IRIS_D-225x300.jpg 225w, https:\/\/www.pixanimal-studio.com\/websites\/lavalleearcenciel\/wp-content\/uploads\/2017\/05\/IRIS_D-768x1024.jpg 768w, https:\/\/www.pixanimal-studio.com\/websites\/lavalleearcenciel\/wp-content\/uploads\/2017\/05\/IRIS_D-1200x1600.jpg 1200w\" sizes=\"auto, (max-width: 225px) 85vw, 225px\" \/><\/a><\/strong><\/p>\n<p>&nbsp;<\/p>\n","protected":false},"excerpt":{"rendered":"<p>Palmar\u00e8s Iris \u00ab\u00a0Expositions tropicales : La R\u00e9union\u00a0\u00bb Qualification SQR : niveau 3 S\u00e9lectionn\u00e9e 29 september 2019 &#8211; Saint-Denis (AFR) Iris \u00a0est \u00a0Triple\u00a0Championne \u00a0 =^..^*= matin : Juge Aline No\u00ebl 4i\u00e8me CAGCI Best Vari\u00e9t\u00e9 , Nomin\u00e9e Best in Show apr\u00e8s-midi : Juge H\u00e9l\u00e8ne Guillaume 3i\u00e8me CAGCI Best Vari\u00e9t\u00e9 , Nomin\u00e9e Best in Show 28 septembre 2019 &hellip; <a href=\"https:\/\/www.pixanimal-studio.com\/websites\/lavalleearcenciel\/fr\/palmares-iris-fr\/\" class=\"more-link\">Continuer la lecture<span class=\"screen-reader-text\"> de &laquo;&nbsp;Palmar\u00e8s Iris (fr)&nbsp;&raquo;<\/span><\/a><\/p>\n","protected":false},"author":1,"featured_media":0,"parent":0,"menu_order":0,"comment_status":"closed","ping_status":"closed","template":"","meta":{"footnotes":""},"class_list":["post-296","page","type-page","status-publish","hentry"],"_links":{"self":[{"href":"https:\/\/www.pixanimal-studio.com\/websites\/lavalleearcenciel\/wp-json\/wp\/v2\/pages\/296","targetHints":{"allow":["GET"]}}],"collection":[{"href":"https:\/\/www.pixanimal-studio.com\/websites\/lavalleearcenciel\/wp-json\/wp\/v2\/pages"}],"about":[{"href":"https:\/\/www.pixanimal-studio.com\/websites\/lavalleearcenciel\/wp-json\/wp\/v2\/types\/page"}],"author":[{"embeddable":true,"href":"https:\/\/www.pixanimal-studio.com\/websites\/lavalleearcenciel\/wp-json\/wp\/v2\/users\/1"}],"replies":[{"embeddable":true,"href":"https:\/\/www.pixanimal-studio.com\/websites\/lavalleearcenciel\/wp-json\/wp\/v2\/comments?post=296"}],"version-history":[{"count":35,"href":"https:\/\/www.pixanimal-studio.com\/websites\/lavalleearcenciel\/wp-json\/wp\/v2\/pages\/296\/revisions"}],"predecessor-version":[{"id":623,"href":"https:\/\/www.pixanimal-studio.com\/websites\/lavalleearcenciel\/wp-json\/wp\/v2\/pages\/296\/revisions\/623"}],"wp:attachment":[{"href":"https:\/\/www.pixanimal-studio.com\/websites\/lavalleearcenciel\/wp-json\/wp\/v2\/media?parent=296"}],"curies":[{"name":"wp","href":"https:\/\/api.w.org\/{rel}","templated":true}]}}