{"id":278,"date":"2017-05-31T15:25:43","date_gmt":"2017-05-31T13:25:43","guid":{"rendered":"http:\/\/www.lavallearcenciel.com\/?page_id=278"},"modified":"2019-10-02T08:36:45","modified_gmt":"2019-10-02T06:36:45","slug":"palmares-anubis-fr","status":"publish","type":"page","link":"https:\/\/www.pixanimal-studio.com\/websites\/lavalleearcenciel\/fr\/palmares-anubis-fr\/","title":{"rendered":"Palmar\u00e8s Anubis (fr)"},"content":{"rendered":"<h3>Palmar\u00e8s Anubis<\/h3>\n<h5 style=\"text-align: center;\">\u00ab\u00a0Expositions tropicales : La R\u00e9union\u00a0\u00bb<\/h5>\n<p style=\"text-align: center;\"><em>Qualification SQR : niveau 3 S\u00e9lectionn\u00e9<\/em><\/p>\n<h6>29 septembre 2019 &#8211; Saint-Denis (AFR)<\/h6>\n<p><span style=\"color: #993366;\"><b>Anubis \u00a0est Premior (champion classe neutre)<\/b><\/span><\/p>\n<p><strong>Matin : Juge Aline No\u00ebl<\/strong><br \/>\n2i\u00e8me CAP<br \/>\nBest Vari\u00e9t\u00e9, \u00a0Best in Show<\/p>\n<p><strong>apr\u00e8s-midi : Juge H\u00e9l\u00e8ne Guillaume<\/strong><br \/>\n3i\u00e8me CAP<br \/>\nBest Vari\u00e9t\u00e9, nomin\u00e9 Best in Show<\/p>\n<h6>28 septembre 2019 &#8211; Saint-Denis (AFR)<\/h6>\n<p><strong>Juge Richard Maignault<\/strong><br \/>\n1er CAP<br \/>\nBest in Show, Best of Best, nomin\u00e9 Best Supr\u00eame (second)<\/p>\n<h6>01 Octobre 2017 &#8211; Saint-Denis (AFR)<\/h6>\n<p><span style=\"color: #993366;\"><b>Anubis \u00a0est Champion<\/b><\/span><\/p>\n<p><span style=\"color: #993366;\"><strong>Best Supr\u00eame journ\u00e9e de Dimanche \u00a0 \u00a0 \u00a0 =^..^*= \u00a0 \u00a0\u00a0<\/strong><\/span><span style=\"color: #993366;\"><strong>Second au Supr\u00eame des Supr\u00eames<\/strong><\/span><\/p>\n<p><strong>Matin : Juge Aline No\u00ebl<\/strong><br \/>\n2i\u00e8me CAC<br \/>\nBest Vari\u00e9t\u00e9, Nomin\u00e9 Best in Show<\/p>\n<p><strong>apr\u00e8s-midi : Juge Richard Maignault<\/strong><br \/>\n3i\u00e8me CAC<br \/>\nBest Vari\u00e9t\u00e9, nomin\u00e9 Best in Show<\/p>\n<h6>30 Septembre 2017 &#8211; Saint-Denis (AFR)<\/h6>\n<p><strong>Juge Jacques Grognet<\/strong><br \/>\n1er CAC<br \/>\nBest Vari\u00e9t\u00e9, Best in Show, Best of Best<\/p>\n<p><img loading=\"lazy\" decoding=\"async\" class=\"alignleft size-medium wp-image-279\" src=\"https:\/\/www.pixanimal-studio.com\/websites\/lavalleearcenciel\/wp-content\/uploads\/2017\/05\/SUSHI_C-200x300.jpg\" alt=\"\" width=\"200\" height=\"300\" srcset=\"https:\/\/www.pixanimal-studio.com\/websites\/lavalleearcenciel\/wp-content\/uploads\/2017\/05\/SUSHI_C-200x300.jpg 200w, https:\/\/www.pixanimal-studio.com\/websites\/lavalleearcenciel\/wp-content\/uploads\/2017\/05\/SUSHI_C-768x1154.jpg 768w, https:\/\/www.pixanimal-studio.com\/websites\/lavalleearcenciel\/wp-content\/uploads\/2017\/05\/SUSHI_C-681x1024.jpg 681w, https:\/\/www.pixanimal-studio.com\/websites\/lavalleearcenciel\/wp-content\/uploads\/2017\/05\/SUSHI_C-1200x1803.jpg 1200w\" sizes=\"auto, (max-width: 200px) 85vw, 200px\" \/><\/p>\n<h6>20 Septembre 2015 &#8211; Saint-Denis (AFR)<\/h6>\n<p><strong>Juge Aline No\u00ebl<\/strong><br \/>\nExcellent 1<br \/>\nBest in Show<br \/>\nBest of Best<br \/>\nBest Supr\u00eame<\/p>\n<p><strong>Juge Richard Maignaut<\/strong><br \/>\nExcellent 1<br \/>\nBest variet\u00e9<br \/>\nBest in Show<br \/>\nNomin\u00e9 Best of Best<\/p>\n<p><strong>Second g\u00e9n\u00e9ral de l&rsquo;exposition.<\/strong><br \/>\n<em>(mention sp\u00e9ciale de la part du 1er)<\/em><\/p>\n<p><img loading=\"lazy\" decoding=\"async\" class=\"alignright size-medium wp-image-280\" src=\"https:\/\/www.pixanimal-studio.com\/websites\/lavalleearcenciel\/wp-content\/uploads\/2017\/05\/SUSHI_B-300x200.jpg\" alt=\"\" width=\"300\" height=\"200\" srcset=\"https:\/\/www.pixanimal-studio.com\/websites\/lavalleearcenciel\/wp-content\/uploads\/2017\/05\/SUSHI_B-300x200.jpg 300w, https:\/\/www.pixanimal-studio.com\/websites\/lavalleearcenciel\/wp-content\/uploads\/2017\/05\/SUSHI_B-768x511.jpg 768w, https:\/\/www.pixanimal-studio.com\/websites\/lavalleearcenciel\/wp-content\/uploads\/2017\/05\/SUSHI_B-1024x681.jpg 1024w, https:\/\/www.pixanimal-studio.com\/websites\/lavalleearcenciel\/wp-content\/uploads\/2017\/05\/SUSHI_B-1200x799.jpg 1200w\" sizes=\"auto, (max-width: 300px) 85vw, 300px\" \/><br \/>\n<strong>Jugement \u00e0 l&rsquo;Am\u00e9ricaine<\/strong><br \/>\nClasse Chatons<br \/>\nClasse chats neutres<br \/>\nClasses adultes entiers<\/p>\n<p><strong>\u00ab\u00a0Anubis\u00a0\u00bb :<\/strong><br \/>\n<strong> Meilleur Chaton<\/strong><br \/>\n<strong> Meilleur g\u00e9n\u00e9ral<\/strong><br \/>\n<em>(toutes sections)<\/em><\/p>\n<p><img loading=\"lazy\" decoding=\"async\" class=\"aligncenter size-medium wp-image-282\" src=\"https:\/\/www.pixanimal-studio.com\/websites\/lavalleearcenciel\/wp-content\/uploads\/2017\/05\/SUSHI_A-259x300.jpg\" alt=\"\" width=\"259\" height=\"300\" srcset=\"https:\/\/www.pixanimal-studio.com\/websites\/lavalleearcenciel\/wp-content\/uploads\/2017\/05\/SUSHI_A-259x300.jpg 259w, https:\/\/www.pixanimal-studio.com\/websites\/lavalleearcenciel\/wp-content\/uploads\/2017\/05\/SUSHI_A-768x889.jpg 768w, https:\/\/www.pixanimal-studio.com\/websites\/lavalleearcenciel\/wp-content\/uploads\/2017\/05\/SUSHI_A-885x1024.jpg 885w, https:\/\/www.pixanimal-studio.com\/websites\/lavalleearcenciel\/wp-content\/uploads\/2017\/05\/SUSHI_A-1200x1388.jpg 1200w\" sizes=\"auto, (max-width: 259px) 85vw, 259px\" \/><\/p>\n","protected":false},"excerpt":{"rendered":"<p>Palmar\u00e8s Anubis \u00ab\u00a0Expositions tropicales : La R\u00e9union\u00a0\u00bb Qualification SQR : niveau 3 S\u00e9lectionn\u00e9 29 septembre 2019 &#8211; Saint-Denis (AFR) Anubis \u00a0est Premior (champion classe neutre) Matin : Juge Aline No\u00ebl 2i\u00e8me CAP Best Vari\u00e9t\u00e9, \u00a0Best in Show apr\u00e8s-midi : Juge H\u00e9l\u00e8ne Guillaume 3i\u00e8me CAP Best Vari\u00e9t\u00e9, nomin\u00e9 Best in Show 28 septembre 2019 &#8211; Saint-Denis &hellip; <a href=\"https:\/\/www.pixanimal-studio.com\/websites\/lavalleearcenciel\/fr\/palmares-anubis-fr\/\" class=\"more-link\">Continuer la lecture<span class=\"screen-reader-text\"> de &laquo;&nbsp;Palmar\u00e8s Anubis (fr)&nbsp;&raquo;<\/span><\/a><\/p>\n","protected":false},"author":1,"featured_media":0,"parent":0,"menu_order":0,"comment_status":"closed","ping_status":"closed","template":"","meta":{"footnotes":""},"class_list":["post-278","page","type-page","status-publish","hentry"],"_links":{"self":[{"href":"https:\/\/www.pixanimal-studio.com\/websites\/lavalleearcenciel\/wp-json\/wp\/v2\/pages\/278","targetHints":{"allow":["GET"]}}],"collection":[{"href":"https:\/\/www.pixanimal-studio.com\/websites\/lavalleearcenciel\/wp-json\/wp\/v2\/pages"}],"about":[{"href":"https:\/\/www.pixanimal-studio.com\/websites\/lavalleearcenciel\/wp-json\/wp\/v2\/types\/page"}],"author":[{"embeddable":true,"href":"https:\/\/www.pixanimal-studio.com\/websites\/lavalleearcenciel\/wp-json\/wp\/v2\/users\/1"}],"replies":[{"embeddable":true,"href":"https:\/\/www.pixanimal-studio.com\/websites\/lavalleearcenciel\/wp-json\/wp\/v2\/comments?post=278"}],"version-history":[{"count":11,"href":"https:\/\/www.pixanimal-studio.com\/websites\/lavalleearcenciel\/wp-json\/wp\/v2\/pages\/278\/revisions"}],"predecessor-version":[{"id":605,"href":"https:\/\/www.pixanimal-studio.com\/websites\/lavalleearcenciel\/wp-json\/wp\/v2\/pages\/278\/revisions\/605"}],"wp:attachment":[{"href":"https:\/\/www.pixanimal-studio.com\/websites\/lavalleearcenciel\/wp-json\/wp\/v2\/media?parent=278"}],"curies":[{"name":"wp","href":"https:\/\/api.w.org\/{rel}","templated":true}]}}