{"id":150,"date":"2017-05-23T18:00:17","date_gmt":"2017-05-23T16:00:17","guid":{"rendered":"http:\/\/www.lavallearcenciel.com\/?page_id=150"},"modified":"2019-02-11T17:20:56","modified_gmt":"2019-02-11T16:20:56","slug":"retraites-fr","status":"publish","type":"page","link":"https:\/\/www.pixanimal-studio.com\/websites\/lavalleearcenciel\/fr\/retraites-fr\/","title":{"rendered":"Mes chats retrait\u00e9s"},"content":{"rendered":"<h3>Mes chats retrait\u00e9s<\/h3>\n<p>Mon aventure Birmane a commenc\u00e9 par mon coup de coeur pour la miss Beauty.<br \/>\nBaku a su lui aussi tr\u00e8s vite s\u2019accrocher \u00e0 mon coeur par ses allures de patachon.<\/p>\n<p>La vie prends bien des d\u00e9tours mais quoi qu\u2019il advienne, il faut toujours garder ses r\u00eaves.<br \/>\nCe sont eux qui nous guident et si nous les laissons s\u2019enfuir, nous perdons ceux pour qui nous voulons lutter.<br \/>\nSi pour certains avoir un chat de race, c\u2019est pour le para\u00eetre et se gonfler d\u2019orgueil, ils sont \u00e0 plaindre, vous ne croyez pas ?<br \/>\nCar pour les v\u00e9ritables amis de nos chers f\u00e9lins, se cache \u00e0 sa mani\u00e8re derri\u00e8re le chat qu\u2019il soit de race ou non, avant tout le compagnon des peines et des joies de tous les jours.<br \/>\nQu\u2019il soit plus ou moins styl\u00e9 ne changera en rien l\u2019immense attachement qui nous lie l\u2019un \u00e0 l\u2019autre&#8230;&#8230;<br \/>\nD\u2019ailleurs, une simple l\u00e9chouille ne vous transporte-t-elle pas ? Et un doux ronron ne fait-il pas fuir tous les nuages ?<\/p>\n<table width=\"100%\">\n<tbody>\n<tr>\n<td>\n<h6 style=\"text-align: center;\">Anubis delle Ninfe del Lago :<\/h6>\n<p><a href=\"https:\/\/www.pixanimal-studio.com\/websites\/lavalleearcenciel\/fr\/2017\/05\/16\/anubis\"><img loading=\"lazy\" decoding=\"async\" class=\"aligncenter size-medium wp-image-400\" src=\"https:\/\/www.pixanimal-studio.com\/websites\/lavalleearcenciel\/wp-content\/uploads\/2017\/05\/anubisA-225x300.jpg\" alt=\"\" width=\"225\" height=\"300\" srcset=\"https:\/\/www.pixanimal-studio.com\/websites\/lavalleearcenciel\/wp-content\/uploads\/2017\/05\/anubisA-225x300.jpg 225w, https:\/\/www.pixanimal-studio.com\/websites\/lavalleearcenciel\/wp-content\/uploads\/2017\/05\/anubisA-768x1024.jpg 768w, https:\/\/www.pixanimal-studio.com\/websites\/lavalleearcenciel\/wp-content\/uploads\/2017\/05\/anubisA-1200x1600.jpg 1200w\" sizes=\"auto, (max-width: 225px) 85vw, 225px\" \/><\/a><\/td>\n<td>\n<h6 style=\"text-align: center;\">\u00ab\u00a0Bella\u00a0\u00bb Black Beauty de Mag Dream :<\/h6>\n<p><a href=\"https:\/\/www.pixanimal-studio.com\/websites\/lavalleearcenciel\/wp-content\/uploads\/2017\/05\/bella.jpg\"><img loading=\"lazy\" decoding=\"async\" class=\"aligncenter\" src=\"https:\/\/www.pixanimal-studio.com\/websites\/lavalleearcenciel\/wp-content\/uploads\/2017\/05\/bella-300x225.jpg\" alt=\"\" width=\"300\" height=\"225\" \/><\/a><\/td>\n<\/tr>\n<tr>\n<td>\n<h6 style=\"text-align: center;\">Gin Fyzz de la Chalardi\u00e8re :<\/h6>\n<p><a href=\"https:\/\/www.pixanimal-studio.com\/websites\/lavalleearcenciel\/wp-content\/uploads\/2017\/05\/gin_fyzz.jpg\"><img loading=\"lazy\" decoding=\"async\" src=\"https:\/\/www.pixanimal-studio.com\/websites\/lavalleearcenciel\/wp-content\/uploads\/2017\/05\/gin_fyzz-300x224.jpg\" alt=\"\" width=\"300\" height=\"224\" \/><\/a><\/td>\n<td>\n<h6 style=\"text-align: center;\">Athos :<\/h6>\n<p><a href=\"https:\/\/www.pixanimal-studio.com\/websites\/lavalleearcenciel\/wp-content\/uploads\/2017\/05\/athos.jpg\"><img loading=\"lazy\" decoding=\"async\" src=\"https:\/\/www.pixanimal-studio.com\/websites\/lavalleearcenciel\/wp-content\/uploads\/2017\/05\/athos-300x225.jpg\" alt=\"\" width=\"300\" height=\"225\" \/><\/a><\/td>\n<\/tr>\n<tr>\n<td>\n<h6 style=\"text-align: center;\">\u00ab\u00a0Baku\u00a0\u00bb Baba Cool de Mag Dream :<\/h6>\n<p><a href=\"https:\/\/www.pixanimal-studio.com\/websites\/lavalleearcenciel\/wp-content\/uploads\/2017\/05\/baku.jpg\"><img loading=\"lazy\" decoding=\"async\" src=\"https:\/\/www.pixanimal-studio.com\/websites\/lavalleearcenciel\/wp-content\/uploads\/2017\/05\/baku-273x300.jpg\" alt=\"\" width=\"273\" height=\"300\" \/><\/a><\/td>\n<td><\/td>\n<\/tr>\n<\/tbody>\n<\/table>\n","protected":false},"excerpt":{"rendered":"<p>Mes chats retrait\u00e9s Mon aventure Birmane a commenc\u00e9 par mon coup de coeur pour la miss Beauty. Baku a su lui aussi tr\u00e8s vite s\u2019accrocher \u00e0 mon coeur par ses allures de patachon. La vie prends bien des d\u00e9tours mais quoi qu\u2019il advienne, il faut toujours garder ses r\u00eaves. Ce sont eux qui nous guident &hellip; <a href=\"https:\/\/www.pixanimal-studio.com\/websites\/lavalleearcenciel\/fr\/retraites-fr\/\" class=\"more-link\">Continuer la lecture<span class=\"screen-reader-text\"> de &laquo;&nbsp;Mes chats retrait\u00e9s&nbsp;&raquo;<\/span><\/a><\/p>\n","protected":false},"author":1,"featured_media":0,"parent":0,"menu_order":0,"comment_status":"closed","ping_status":"closed","template":"","meta":{"footnotes":""},"class_list":["post-150","page","type-page","status-publish","hentry"],"_links":{"self":[{"href":"https:\/\/www.pixanimal-studio.com\/websites\/lavalleearcenciel\/wp-json\/wp\/v2\/pages\/150","targetHints":{"allow":["GET"]}}],"collection":[{"href":"https:\/\/www.pixanimal-studio.com\/websites\/lavalleearcenciel\/wp-json\/wp\/v2\/pages"}],"about":[{"href":"https:\/\/www.pixanimal-studio.com\/websites\/lavalleearcenciel\/wp-json\/wp\/v2\/types\/page"}],"author":[{"embeddable":true,"href":"https:\/\/www.pixanimal-studio.com\/websites\/lavalleearcenciel\/wp-json\/wp\/v2\/users\/1"}],"replies":[{"embeddable":true,"href":"https:\/\/www.pixanimal-studio.com\/websites\/lavalleearcenciel\/wp-json\/wp\/v2\/comments?post=150"}],"version-history":[{"count":22,"href":"https:\/\/www.pixanimal-studio.com\/websites\/lavalleearcenciel\/wp-json\/wp\/v2\/pages\/150\/revisions"}],"predecessor-version":[{"id":574,"href":"https:\/\/www.pixanimal-studio.com\/websites\/lavalleearcenciel\/wp-json\/wp\/v2\/pages\/150\/revisions\/574"}],"wp:attachment":[{"href":"https:\/\/www.pixanimal-studio.com\/websites\/lavalleearcenciel\/wp-json\/wp\/v2\/media?parent=150"}],"curies":[{"name":"wp","href":"https:\/\/api.w.org\/{rel}","templated":true}]}}