{"id":146,"date":"2017-05-23T17:59:48","date_gmt":"2017-05-23T15:59:48","guid":{"rendered":"http:\/\/www.lavallearcenciel.com\/?page_id=146"},"modified":"2018-07-10T13:34:29","modified_gmt":"2018-07-10T11:34:29","slug":"mes-autres-chats-fr","status":"publish","type":"page","link":"https:\/\/www.pixanimal-studio.com\/websites\/lavalleearcenciel\/fr\/mes-autres-chats-fr\/","title":{"rendered":"Les chats de ma vie"},"content":{"rendered":"<h3 style=\"text-align: center;\">Les chats de ma vie<\/h3>\n<p style=\"text-align: center;\">Ceux qui ont partag\u00e9 mon quotidien, et ceux \u00e0 qui je rends visite bien souvent !<br \/>\nCertains n\u2019ont fait que passer&#8230; mais tous ont rempli ma vie de bonheur.<\/p>\n<h6>Ceux \u00e0 qui je rends visite :\u00a0ma seconde chat&#8230;famille :<\/h6>\n<table width=\"100%\">\n<tbody>\n<tr>\n<td>Urka :\u00a0<a href=\"https:\/\/www.pixanimal-studio.com\/websites\/lavalleearcenciel\/wp-content\/uploads\/2017\/05\/\u00d4\u00c7\u00f3-URKA.jpg\"><img loading=\"lazy\" decoding=\"async\" class=\"alignnone size-medium wp-image-179\" src=\"https:\/\/www.pixanimal-studio.com\/websites\/lavalleearcenciel\/wp-content\/uploads\/2017\/05\/\u00d4\u00c7\u00f3-URKA-225x300.jpg\" alt=\"\" width=\"225\" height=\"300\" srcset=\"https:\/\/www.pixanimal-studio.com\/websites\/lavalleearcenciel\/wp-content\/uploads\/2017\/05\/\u00d4\u00c7\u00f3-URKA-225x300.jpg 225w, https:\/\/www.pixanimal-studio.com\/websites\/lavalleearcenciel\/wp-content\/uploads\/2017\/05\/\u00d4\u00c7\u00f3-URKA-768x1024.jpg 768w, https:\/\/www.pixanimal-studio.com\/websites\/lavalleearcenciel\/wp-content\/uploads\/2017\/05\/\u00d4\u00c7\u00f3-URKA-1200x1600.jpg 1200w, https:\/\/www.pixanimal-studio.com\/websites\/lavalleearcenciel\/wp-content\/uploads\/2017\/05\/\u00d4\u00c7\u00f3-URKA.jpg 1944w\" sizes=\"auto, (max-width: 225px) 85vw, 225px\" \/><\/a><\/td>\n<td>Shadow :\u00a0<a href=\"https:\/\/www.pixanimal-studio.com\/websites\/lavalleearcenciel\/wp-content\/uploads\/2017\/05\/\u00d4\u00c7\u00f3-shadow_dcd.jpg\"><img loading=\"lazy\" decoding=\"async\" class=\"alignnone size-medium wp-image-180\" src=\"https:\/\/www.pixanimal-studio.com\/websites\/lavalleearcenciel\/wp-content\/uploads\/2017\/05\/\u00d4\u00c7\u00f3-shadow_dcd-225x300.jpg\" alt=\"\" width=\"225\" height=\"300\" srcset=\"https:\/\/www.pixanimal-studio.com\/websites\/lavalleearcenciel\/wp-content\/uploads\/2017\/05\/\u00d4\u00c7\u00f3-shadow_dcd-225x300.jpg 225w, https:\/\/www.pixanimal-studio.com\/websites\/lavalleearcenciel\/wp-content\/uploads\/2017\/05\/\u00d4\u00c7\u00f3-shadow_dcd-768x1024.jpg 768w, https:\/\/www.pixanimal-studio.com\/websites\/lavalleearcenciel\/wp-content\/uploads\/2017\/05\/\u00d4\u00c7\u00f3-shadow_dcd-1200x1600.jpg 1200w, https:\/\/www.pixanimal-studio.com\/websites\/lavalleearcenciel\/wp-content\/uploads\/2017\/05\/\u00d4\u00c7\u00f3-shadow_dcd.jpg 1944w\" sizes=\"auto, (max-width: 225px) 85vw, 225px\" \/><\/a><\/td>\n<td>Sarah :\u00a0<a href=\"https:\/\/www.pixanimal-studio.com\/websites\/lavalleearcenciel\/wp-content\/uploads\/2017\/05\/\u00d4\u00c7\u00f3-sarah_dcd.jpg\"><img loading=\"lazy\" decoding=\"async\" class=\"alignnone size-medium wp-image-181\" src=\"https:\/\/www.pixanimal-studio.com\/websites\/lavalleearcenciel\/wp-content\/uploads\/2017\/05\/\u00d4\u00c7\u00f3-sarah_dcd-225x300.jpg\" alt=\"\" width=\"225\" height=\"300\" srcset=\"https:\/\/www.pixanimal-studio.com\/websites\/lavalleearcenciel\/wp-content\/uploads\/2017\/05\/\u00d4\u00c7\u00f3-sarah_dcd-225x300.jpg 225w, https:\/\/www.pixanimal-studio.com\/websites\/lavalleearcenciel\/wp-content\/uploads\/2017\/05\/\u00d4\u00c7\u00f3-sarah_dcd-768x1024.jpg 768w, https:\/\/www.pixanimal-studio.com\/websites\/lavalleearcenciel\/wp-content\/uploads\/2017\/05\/\u00d4\u00c7\u00f3-sarah_dcd-1200x1600.jpg 1200w, https:\/\/www.pixanimal-studio.com\/websites\/lavalleearcenciel\/wp-content\/uploads\/2017\/05\/\u00d4\u00c7\u00f3-sarah_dcd.jpg 1944w\" sizes=\"auto, (max-width: 225px) 85vw, 225px\" \/><\/a><\/p>\n<p><em>\u00ab\u00a0Ma douce Sarah, \u00e9toile \u00e0 jamais dans mon coeur. Always and forever I love you.\u00a0\u00bb<\/em><\/td>\n<\/tr>\n<tr>\n<td>Porthos :\u00a0<a href=\"https:\/\/www.pixanimal-studio.com\/websites\/lavalleearcenciel\/wp-content\/uploads\/2017\/05\/\u00d4\u00c7\u00f3-porthos_dcd.jpg\"><img loading=\"lazy\" decoding=\"async\" class=\"alignnone size-medium wp-image-182\" src=\"https:\/\/www.pixanimal-studio.com\/websites\/lavalleearcenciel\/wp-content\/uploads\/2017\/05\/\u00d4\u00c7\u00f3-porthos_dcd-300x225.jpg\" alt=\"\" width=\"300\" height=\"225\" srcset=\"https:\/\/www.pixanimal-studio.com\/websites\/lavalleearcenciel\/wp-content\/uploads\/2017\/05\/\u00d4\u00c7\u00f3-porthos_dcd-300x225.jpg 300w, https:\/\/www.pixanimal-studio.com\/websites\/lavalleearcenciel\/wp-content\/uploads\/2017\/05\/\u00d4\u00c7\u00f3-porthos_dcd-768x576.jpg 768w, https:\/\/www.pixanimal-studio.com\/websites\/lavalleearcenciel\/wp-content\/uploads\/2017\/05\/\u00d4\u00c7\u00f3-porthos_dcd-1024x768.jpg 1024w, https:\/\/www.pixanimal-studio.com\/websites\/lavalleearcenciel\/wp-content\/uploads\/2017\/05\/\u00d4\u00c7\u00f3-porthos_dcd-1200x900.jpg 1200w\" sizes=\"auto, (max-width: 300px) 85vw, 300px\" \/><\/a><\/p>\n<p><em>\u00ab\u00a0Mon ange, tu veilles sur nous tous&#8230;\u00a0\u00bb<\/em><\/td>\n<td colspan=\"2\">Daphn\u00e9e :<br \/>\n<a href=\"https:\/\/www.pixanimal-studio.com\/websites\/lavalleearcenciel\/wp-content\/uploads\/2017\/05\/\u00d4\u00c7\u00f3-daphnee_dcd.jpg\"><img loading=\"lazy\" decoding=\"async\" class=\"alignnone size-medium wp-image-183\" src=\"https:\/\/www.pixanimal-studio.com\/websites\/lavalleearcenciel\/wp-content\/uploads\/2017\/05\/\u00d4\u00c7\u00f3-daphnee_dcd-300x225.jpg\" alt=\"\" width=\"300\" height=\"225\" srcset=\"https:\/\/www.pixanimal-studio.com\/websites\/lavalleearcenciel\/wp-content\/uploads\/2017\/05\/\u00d4\u00c7\u00f3-daphnee_dcd-300x225.jpg 300w, https:\/\/www.pixanimal-studio.com\/websites\/lavalleearcenciel\/wp-content\/uploads\/2017\/05\/\u00d4\u00c7\u00f3-daphnee_dcd-768x576.jpg 768w, https:\/\/www.pixanimal-studio.com\/websites\/lavalleearcenciel\/wp-content\/uploads\/2017\/05\/\u00d4\u00c7\u00f3-daphnee_dcd-1024x768.jpg 1024w, https:\/\/www.pixanimal-studio.com\/websites\/lavalleearcenciel\/wp-content\/uploads\/2017\/05\/\u00d4\u00c7\u00f3-daphnee_dcd-1200x900.jpg 1200w\" sizes=\"auto, (max-width: 300px) 85vw, 300px\" \/><\/a><br \/>\n<em>\u00ab\u00a0Tu as rejoint ton papa. Jolie petite \u00e9toile&#8230;\u00a0\u00bb<\/em><\/td>\n<\/tr>\n<\/tbody>\n<\/table>\n<h6>Mes persans qui m\u2019ont tant apport\u00e9 :<\/h6>\n<table width=\"100%\">\n<tbody>\n<tr>\n<td>Ranya :\u00a0<a href=\"https:\/\/www.pixanimal-studio.com\/websites\/lavalleearcenciel\/wp-content\/uploads\/2017\/05\/ranya02-b.jpg\"><img loading=\"lazy\" decoding=\"async\" class=\"alignnone size-medium wp-image-190\" src=\"https:\/\/www.pixanimal-studio.com\/websites\/lavalleearcenciel\/wp-content\/uploads\/2017\/05\/ranya02-b-300x235.jpg\" alt=\"\" width=\"300\" height=\"235\" srcset=\"https:\/\/www.pixanimal-studio.com\/websites\/lavalleearcenciel\/wp-content\/uploads\/2017\/05\/ranya02-b-300x235.jpg 300w, https:\/\/www.pixanimal-studio.com\/websites\/lavalleearcenciel\/wp-content\/uploads\/2017\/05\/ranya02-b-768x602.jpg 768w, https:\/\/www.pixanimal-studio.com\/websites\/lavalleearcenciel\/wp-content\/uploads\/2017\/05\/ranya02-b-1024x802.jpg 1024w, https:\/\/www.pixanimal-studio.com\/websites\/lavalleearcenciel\/wp-content\/uploads\/2017\/05\/ranya02-b-1200x940.jpg 1200w, https:\/\/www.pixanimal-studio.com\/websites\/lavalleearcenciel\/wp-content\/uploads\/2017\/05\/ranya02-b.jpg 1629w\" sizes=\"auto, (max-width: 300px) 85vw, 300px\" \/><\/a><\/td>\n<td>Rohan :\u00a0<a href=\"https:\/\/www.pixanimal-studio.com\/websites\/lavalleearcenciel\/wp-content\/uploads\/2017\/05\/rohan04.jpg\"><img loading=\"lazy\" decoding=\"async\" class=\"alignnone size-medium wp-image-191\" src=\"https:\/\/www.pixanimal-studio.com\/websites\/lavalleearcenciel\/wp-content\/uploads\/2017\/05\/rohan04-300x225.jpg\" alt=\"\" width=\"300\" height=\"225\" srcset=\"https:\/\/www.pixanimal-studio.com\/websites\/lavalleearcenciel\/wp-content\/uploads\/2017\/05\/rohan04-300x225.jpg 300w, https:\/\/www.pixanimal-studio.com\/websites\/lavalleearcenciel\/wp-content\/uploads\/2017\/05\/rohan04-768x576.jpg 768w, https:\/\/www.pixanimal-studio.com\/websites\/lavalleearcenciel\/wp-content\/uploads\/2017\/05\/rohan04-1024x768.jpg 1024w, https:\/\/www.pixanimal-studio.com\/websites\/lavalleearcenciel\/wp-content\/uploads\/2017\/05\/rohan04-1200x900.jpg 1200w, https:\/\/www.pixanimal-studio.com\/websites\/lavalleearcenciel\/wp-content\/uploads\/2017\/05\/rohan04.jpg 2048w\" sizes=\"auto, (max-width: 300px) 85vw, 300px\" \/><\/a><\/td>\n<td>Uxane :\u00a0<a href=\"https:\/\/www.pixanimal-studio.com\/websites\/lavalleearcenciel\/wp-content\/uploads\/2017\/05\/uxane09.jpg\"><img loading=\"lazy\" decoding=\"async\" class=\"alignnone size-medium wp-image-192\" src=\"https:\/\/www.pixanimal-studio.com\/websites\/lavalleearcenciel\/wp-content\/uploads\/2017\/05\/uxane09-300x282.jpg\" alt=\"\" width=\"300\" height=\"282\" srcset=\"https:\/\/www.pixanimal-studio.com\/websites\/lavalleearcenciel\/wp-content\/uploads\/2017\/05\/uxane09-300x282.jpg 300w, https:\/\/www.pixanimal-studio.com\/websites\/lavalleearcenciel\/wp-content\/uploads\/2017\/05\/uxane09-768x721.jpg 768w, https:\/\/www.pixanimal-studio.com\/websites\/lavalleearcenciel\/wp-content\/uploads\/2017\/05\/uxane09-1024x961.jpg 1024w, https:\/\/www.pixanimal-studio.com\/websites\/lavalleearcenciel\/wp-content\/uploads\/2017\/05\/uxane09-1200x1127.jpg 1200w, https:\/\/www.pixanimal-studio.com\/websites\/lavalleearcenciel\/wp-content\/uploads\/2017\/05\/uxane09.jpg 1405w\" sizes=\"auto, (max-width: 300px) 85vw, 300px\" \/><\/a><\/td>\n<\/tr>\n<tr>\n<td>Nanou :\u00a0<a href=\"https:\/\/www.pixanimal-studio.com\/websites\/lavalleearcenciel\/wp-content\/uploads\/2017\/05\/NANOU_2.jpg\"><img loading=\"lazy\" decoding=\"async\" class=\"alignnone size-medium wp-image-193\" src=\"https:\/\/www.pixanimal-studio.com\/websites\/lavalleearcenciel\/wp-content\/uploads\/2017\/05\/NANOU_2-300x225.jpg\" alt=\"\" width=\"300\" height=\"225\" srcset=\"https:\/\/www.pixanimal-studio.com\/websites\/lavalleearcenciel\/wp-content\/uploads\/2017\/05\/NANOU_2-300x225.jpg 300w, https:\/\/www.pixanimal-studio.com\/websites\/lavalleearcenciel\/wp-content\/uploads\/2017\/05\/NANOU_2-768x576.jpg 768w, https:\/\/www.pixanimal-studio.com\/websites\/lavalleearcenciel\/wp-content\/uploads\/2017\/05\/NANOU_2-1024x768.jpg 1024w, https:\/\/www.pixanimal-studio.com\/websites\/lavalleearcenciel\/wp-content\/uploads\/2017\/05\/NANOU_2-1200x900.jpg 1200w, https:\/\/www.pixanimal-studio.com\/websites\/lavalleearcenciel\/wp-content\/uploads\/2017\/05\/NANOU_2.jpg 2048w\" sizes=\"auto, (max-width: 300px) 85vw, 300px\" \/><\/a><\/td>\n<td>Saphyr :\u00a0<a href=\"https:\/\/www.pixanimal-studio.com\/websites\/lavalleearcenciel\/wp-content\/uploads\/2017\/05\/saphyre09.jpg\"><img loading=\"lazy\" decoding=\"async\" class=\"alignnone size-medium wp-image-194\" src=\"https:\/\/www.pixanimal-studio.com\/websites\/lavalleearcenciel\/wp-content\/uploads\/2017\/05\/saphyre09-300x250.jpg\" alt=\"\" width=\"300\" height=\"250\" srcset=\"https:\/\/www.pixanimal-studio.com\/websites\/lavalleearcenciel\/wp-content\/uploads\/2017\/05\/saphyre09-300x250.jpg 300w, https:\/\/www.pixanimal-studio.com\/websites\/lavalleearcenciel\/wp-content\/uploads\/2017\/05\/saphyre09-768x640.jpg 768w, https:\/\/www.pixanimal-studio.com\/websites\/lavalleearcenciel\/wp-content\/uploads\/2017\/05\/saphyre09-1024x854.jpg 1024w, https:\/\/www.pixanimal-studio.com\/websites\/lavalleearcenciel\/wp-content\/uploads\/2017\/05\/saphyre09.jpg 1196w\" sizes=\"auto, (max-width: 300px) 85vw, 300px\" \/><\/a><\/td>\n<td>Neptune :\u00a0<a href=\"https:\/\/www.pixanimal-studio.com\/websites\/lavalleearcenciel\/wp-content\/uploads\/2017\/05\/neptune.jpg\"><img loading=\"lazy\" decoding=\"async\" class=\"alignnone size-medium wp-image-195\" src=\"https:\/\/www.pixanimal-studio.com\/websites\/lavalleearcenciel\/wp-content\/uploads\/2017\/05\/neptune-300x294.jpg\" alt=\"\" width=\"300\" height=\"294\" srcset=\"https:\/\/www.pixanimal-studio.com\/websites\/lavalleearcenciel\/wp-content\/uploads\/2017\/05\/neptune-300x294.jpg 300w, https:\/\/www.pixanimal-studio.com\/websites\/lavalleearcenciel\/wp-content\/uploads\/2017\/05\/neptune.jpg 372w\" sizes=\"auto, (max-width: 300px) 85vw, 300px\" \/><\/a><\/td>\n<\/tr>\n<\/tbody>\n<\/table>\n<h6>Ceux qui ont partag\u00e9 mon quotidien : premiers pas avec ces si pr\u00e9cieux f\u00e9lins :<\/h6>\n<table width=\"100%\">\n<tbody>\n<tr>\n<td>Poussy :\u00a0<a href=\"https:\/\/www.pixanimal-studio.com\/websites\/lavalleearcenciel\/wp-content\/uploads\/2017\/05\/Poussy-mon-tout-premier-chat.jpg\"><img loading=\"lazy\" decoding=\"async\" class=\"alignnone size-medium wp-image-206\" src=\"https:\/\/www.pixanimal-studio.com\/websites\/lavalleearcenciel\/wp-content\/uploads\/2017\/05\/Poussy-mon-tout-premier-chat-289x300.jpg\" alt=\"\" width=\"289\" height=\"300\" srcset=\"https:\/\/www.pixanimal-studio.com\/websites\/lavalleearcenciel\/wp-content\/uploads\/2017\/05\/Poussy-mon-tout-premier-chat-289x300.jpg 289w, https:\/\/www.pixanimal-studio.com\/websites\/lavalleearcenciel\/wp-content\/uploads\/2017\/05\/Poussy-mon-tout-premier-chat.jpg 511w\" sizes=\"auto, (max-width: 289px) 85vw, 289px\" \/><\/a><em>Mon tout premier chat<\/em><\/td>\n<td>Boudin Blanc et Margote :\u00a0<a href=\"https:\/\/www.pixanimal-studio.com\/websites\/lavalleearcenciel\/wp-content\/uploads\/2017\/05\/Boudin-Blanc-le-papa-et-Margote-LES-PARENTS-DE-CANELLE.jpg\"><img loading=\"lazy\" decoding=\"async\" class=\"alignnone size-medium wp-image-207\" src=\"https:\/\/www.pixanimal-studio.com\/websites\/lavalleearcenciel\/wp-content\/uploads\/2017\/05\/Boudin-Blanc-le-papa-et-Margote-LES-PARENTS-DE-CANELLE-300x199.jpg\" alt=\"\" width=\"300\" height=\"199\" srcset=\"https:\/\/www.pixanimal-studio.com\/websites\/lavalleearcenciel\/wp-content\/uploads\/2017\/05\/Boudin-Blanc-le-papa-et-Margote-LES-PARENTS-DE-CANELLE-300x199.jpg 300w, https:\/\/www.pixanimal-studio.com\/websites\/lavalleearcenciel\/wp-content\/uploads\/2017\/05\/Boudin-Blanc-le-papa-et-Margote-LES-PARENTS-DE-CANELLE.jpg 705w\" sizes=\"auto, (max-width: 300px) 85vw, 300px\" \/><\/a><\/td>\n<td>Canelle :\u00a0<a href=\"https:\/\/www.pixanimal-studio.com\/websites\/lavalleearcenciel\/wp-content\/uploads\/2017\/05\/Canelle-ma-toute-belle.jpg\"><img loading=\"lazy\" decoding=\"async\" class=\"alignnone size-medium wp-image-208\" src=\"https:\/\/www.pixanimal-studio.com\/websites\/lavalleearcenciel\/wp-content\/uploads\/2017\/05\/Canelle-ma-toute-belle-300x202.jpg\" alt=\"\" width=\"300\" height=\"202\" srcset=\"https:\/\/www.pixanimal-studio.com\/websites\/lavalleearcenciel\/wp-content\/uploads\/2017\/05\/Canelle-ma-toute-belle-300x202.jpg 300w, https:\/\/www.pixanimal-studio.com\/websites\/lavalleearcenciel\/wp-content\/uploads\/2017\/05\/Canelle-ma-toute-belle-768x518.jpg 768w, https:\/\/www.pixanimal-studio.com\/websites\/lavalleearcenciel\/wp-content\/uploads\/2017\/05\/Canelle-ma-toute-belle.jpg 835w\" sizes=\"auto, (max-width: 300px) 85vw, 300px\" \/><\/a><\/td>\n<\/tr>\n<tr>\n<td>Cookies et Jarka :\u00a0<a href=\"https:\/\/www.pixanimal-studio.com\/websites\/lavalleearcenciel\/wp-content\/uploads\/2017\/05\/Cookies-et-Jarka.jpg\"><img loading=\"lazy\" decoding=\"async\" class=\"alignnone size-medium wp-image-209\" src=\"https:\/\/www.pixanimal-studio.com\/websites\/lavalleearcenciel\/wp-content\/uploads\/2017\/05\/Cookies-et-Jarka-300x209.jpg\" alt=\"\" width=\"300\" height=\"209\" srcset=\"https:\/\/www.pixanimal-studio.com\/websites\/lavalleearcenciel\/wp-content\/uploads\/2017\/05\/Cookies-et-Jarka-300x209.jpg 300w, https:\/\/www.pixanimal-studio.com\/websites\/lavalleearcenciel\/wp-content\/uploads\/2017\/05\/Cookies-et-Jarka-768x536.jpg 768w, https:\/\/www.pixanimal-studio.com\/websites\/lavalleearcenciel\/wp-content\/uploads\/2017\/05\/Cookies-et-Jarka.jpg 835w\" sizes=\"auto, (max-width: 300px) 85vw, 300px\" \/><\/a><\/td>\n<td>Figaro et Iris :\u00a0<a href=\"https:\/\/www.pixanimal-studio.com\/websites\/lavalleearcenciel\/wp-content\/uploads\/2017\/05\/Iris-petite-minette-et-Figaro-le-matou.jpg\"><img loading=\"lazy\" decoding=\"async\" class=\"alignnone size-medium wp-image-210\" src=\"https:\/\/www.pixanimal-studio.com\/websites\/lavalleearcenciel\/wp-content\/uploads\/2017\/05\/Iris-petite-minette-et-Figaro-le-matou-300x268.jpg\" alt=\"\" width=\"300\" height=\"268\" srcset=\"https:\/\/www.pixanimal-studio.com\/websites\/lavalleearcenciel\/wp-content\/uploads\/2017\/05\/Iris-petite-minette-et-Figaro-le-matou-300x268.jpg 300w, https:\/\/www.pixanimal-studio.com\/websites\/lavalleearcenciel\/wp-content\/uploads\/2017\/05\/Iris-petite-minette-et-Figaro-le-matou.jpg 483w\" sizes=\"auto, (max-width: 300px) 85vw, 300px\" \/><\/a><\/td>\n<td>Ploum :\u00a0<a href=\"https:\/\/www.pixanimal-studio.com\/websites\/lavalleearcenciel\/wp-content\/uploads\/2017\/05\/Ploum-matou-angora.jpg\"><img loading=\"lazy\" decoding=\"async\" class=\"alignnone size-medium wp-image-211\" src=\"https:\/\/www.pixanimal-studio.com\/websites\/lavalleearcenciel\/wp-content\/uploads\/2017\/05\/Ploum-matou-angora-300x177.jpg\" alt=\"\" width=\"300\" height=\"177\" srcset=\"https:\/\/www.pixanimal-studio.com\/websites\/lavalleearcenciel\/wp-content\/uploads\/2017\/05\/Ploum-matou-angora-300x177.jpg 300w, https:\/\/www.pixanimal-studio.com\/websites\/lavalleearcenciel\/wp-content\/uploads\/2017\/05\/Ploum-matou-angora.jpg 691w\" sizes=\"auto, (max-width: 300px) 85vw, 300px\" \/><\/a><\/td>\n<\/tr>\n<tr>\n<td>Kachou :\u00a0<a href=\"https:\/\/www.pixanimal-studio.com\/websites\/lavalleearcenciel\/wp-content\/uploads\/2017\/05\/KACHOU.jpg\"><img loading=\"lazy\" decoding=\"async\" class=\"alignnone size-medium wp-image-212\" src=\"https:\/\/www.pixanimal-studio.com\/websites\/lavalleearcenciel\/wp-content\/uploads\/2017\/05\/KACHOU-225x300.jpg\" alt=\"\" width=\"225\" height=\"300\" srcset=\"https:\/\/www.pixanimal-studio.com\/websites\/lavalleearcenciel\/wp-content\/uploads\/2017\/05\/KACHOU-225x300.jpg 225w, https:\/\/www.pixanimal-studio.com\/websites\/lavalleearcenciel\/wp-content\/uploads\/2017\/05\/KACHOU-768x1024.jpg 768w, https:\/\/www.pixanimal-studio.com\/websites\/lavalleearcenciel\/wp-content\/uploads\/2017\/05\/KACHOU.jpg 960w\" sizes=\"auto, (max-width: 225px) 85vw, 225px\" \/><\/a><\/td>\n<td>S\u00e9cotin :\u00a0<a href=\"https:\/\/www.pixanimal-studio.com\/websites\/lavalleearcenciel\/wp-content\/uploads\/2017\/05\/Se\u00cc\u0081cotin.jpg\"><img loading=\"lazy\" decoding=\"async\" class=\"alignnone size-medium wp-image-213\" src=\"https:\/\/www.pixanimal-studio.com\/websites\/lavalleearcenciel\/wp-content\/uploads\/2017\/05\/Se\u00cc\u0081cotin-247x300.jpg\" alt=\"\" width=\"247\" height=\"300\" srcset=\"https:\/\/www.pixanimal-studio.com\/websites\/lavalleearcenciel\/wp-content\/uploads\/2017\/05\/Se\u00cc\u0081cotin-247x300.jpg 247w, https:\/\/www.pixanimal-studio.com\/websites\/lavalleearcenciel\/wp-content\/uploads\/2017\/05\/Se\u00cc\u0081cotin.jpg 550w\" sizes=\"auto, (max-width: 247px) 85vw, 247px\" \/><\/a><\/td>\n<td>Raja :\u00a0<a href=\"https:\/\/www.pixanimal-studio.com\/websites\/lavalleearcenciel\/wp-content\/uploads\/2017\/05\/raja_dcd.jpg\"><img loading=\"lazy\" decoding=\"async\" class=\"alignnone size-medium wp-image-214\" src=\"https:\/\/www.pixanimal-studio.com\/websites\/lavalleearcenciel\/wp-content\/uploads\/2017\/05\/raja_dcd-300x225.jpg\" alt=\"\" width=\"300\" height=\"225\" srcset=\"https:\/\/www.pixanimal-studio.com\/websites\/lavalleearcenciel\/wp-content\/uploads\/2017\/05\/raja_dcd-300x225.jpg 300w, https:\/\/www.pixanimal-studio.com\/websites\/lavalleearcenciel\/wp-content\/uploads\/2017\/05\/raja_dcd-768x576.jpg 768w, https:\/\/www.pixanimal-studio.com\/websites\/lavalleearcenciel\/wp-content\/uploads\/2017\/05\/raja_dcd-1024x768.jpg 1024w, https:\/\/www.pixanimal-studio.com\/websites\/lavalleearcenciel\/wp-content\/uploads\/2017\/05\/raja_dcd-1200x900.jpg 1200w, https:\/\/www.pixanimal-studio.com\/websites\/lavalleearcenciel\/wp-content\/uploads\/2017\/05\/raja_dcd.jpg 2048w\" sizes=\"auto, (max-width: 300px) 85vw, 300px\" \/><\/a><\/p>\n<p class=\"paragraph_style_3\"><em>Recueillie \u00e0 la S.P.A.,\u00a0tu as combl\u00e9e nos vies<\/em><\/p>\n<\/td>\n<\/tr>\n<tr>\n<td>Garfield :\u00a0<a href=\"https:\/\/www.pixanimal-studio.com\/websites\/lavalleearcenciel\/wp-content\/uploads\/2017\/05\/garfield.jpg\"><img loading=\"lazy\" decoding=\"async\" class=\"alignnone size-medium wp-image-215\" src=\"https:\/\/www.pixanimal-studio.com\/websites\/lavalleearcenciel\/wp-content\/uploads\/2017\/05\/garfield-225x300.jpg\" alt=\"\" width=\"225\" height=\"300\" srcset=\"https:\/\/www.pixanimal-studio.com\/websites\/lavalleearcenciel\/wp-content\/uploads\/2017\/05\/garfield-225x300.jpg 225w, https:\/\/www.pixanimal-studio.com\/websites\/lavalleearcenciel\/wp-content\/uploads\/2017\/05\/garfield-768x1022.jpg 768w, https:\/\/www.pixanimal-studio.com\/websites\/lavalleearcenciel\/wp-content\/uploads\/2017\/05\/garfield-769x1024.jpg 769w, https:\/\/www.pixanimal-studio.com\/websites\/lavalleearcenciel\/wp-content\/uploads\/2017\/05\/garfield-1200x1597.jpg 1200w\" sizes=\"auto, (max-width: 225px) 85vw, 225px\" \/><\/a><\/td>\n<td>\u00a0Vodka :<\/p>\n<p><a href=\"https:\/\/www.pixanimal-studio.com\/websites\/lavalleearcenciel\/wp-content\/uploads\/2017\/05\/VODKA.jpg\"><img loading=\"lazy\" decoding=\"async\" class=\"alignnone wp-image-469 size-medium\" src=\"https:\/\/www.pixanimal-studio.com\/websites\/lavalleearcenciel\/wp-content\/uploads\/2017\/05\/VODKA-300x225.jpg\" alt=\"\" width=\"300\" height=\"225\" srcset=\"https:\/\/www.pixanimal-studio.com\/websites\/lavalleearcenciel\/wp-content\/uploads\/2017\/05\/VODKA-300x225.jpg 300w, https:\/\/www.pixanimal-studio.com\/websites\/lavalleearcenciel\/wp-content\/uploads\/2017\/05\/VODKA-768x576.jpg 768w, https:\/\/www.pixanimal-studio.com\/websites\/lavalleearcenciel\/wp-content\/uploads\/2017\/05\/VODKA-1024x768.jpg 1024w, https:\/\/www.pixanimal-studio.com\/websites\/lavalleearcenciel\/wp-content\/uploads\/2017\/05\/VODKA-1200x900.jpg 1200w\" sizes=\"auto, (max-width: 300px) 85vw, 300px\" \/><\/a><\/td>\n<td><\/td>\n<\/tr>\n<\/tbody>\n<\/table>\n","protected":false},"excerpt":{"rendered":"<p>Les chats de ma vie Ceux qui ont partag\u00e9 mon quotidien, et ceux \u00e0 qui je rends visite bien souvent ! Certains n\u2019ont fait que passer&#8230; mais tous ont rempli ma vie de bonheur. Ceux \u00e0 qui je rends visite :\u00a0ma seconde chat&#8230;famille : Urka :\u00a0 Shadow :\u00a0 Sarah :\u00a0 \u00ab\u00a0Ma douce Sarah, \u00e9toile \u00e0 &hellip; <a href=\"https:\/\/www.pixanimal-studio.com\/websites\/lavalleearcenciel\/fr\/mes-autres-chats-fr\/\" class=\"more-link\">Continuer la lecture<span class=\"screen-reader-text\"> de &laquo;&nbsp;Les chats de ma vie&nbsp;&raquo;<\/span><\/a><\/p>\n","protected":false},"author":1,"featured_media":0,"parent":0,"menu_order":0,"comment_status":"closed","ping_status":"closed","template":"","meta":{"footnotes":""},"class_list":["post-146","page","type-page","status-publish","hentry"],"_links":{"self":[{"href":"https:\/\/www.pixanimal-studio.com\/websites\/lavalleearcenciel\/wp-json\/wp\/v2\/pages\/146","targetHints":{"allow":["GET"]}}],"collection":[{"href":"https:\/\/www.pixanimal-studio.com\/websites\/lavalleearcenciel\/wp-json\/wp\/v2\/pages"}],"about":[{"href":"https:\/\/www.pixanimal-studio.com\/websites\/lavalleearcenciel\/wp-json\/wp\/v2\/types\/page"}],"author":[{"embeddable":true,"href":"https:\/\/www.pixanimal-studio.com\/websites\/lavalleearcenciel\/wp-json\/wp\/v2\/users\/1"}],"replies":[{"embeddable":true,"href":"https:\/\/www.pixanimal-studio.com\/websites\/lavalleearcenciel\/wp-json\/wp\/v2\/comments?post=146"}],"version-history":[{"count":23,"href":"https:\/\/www.pixanimal-studio.com\/websites\/lavalleearcenciel\/wp-json\/wp\/v2\/pages\/146\/revisions"}],"predecessor-version":[{"id":566,"href":"https:\/\/www.pixanimal-studio.com\/websites\/lavalleearcenciel\/wp-json\/wp\/v2\/pages\/146\/revisions\/566"}],"wp:attachment":[{"href":"https:\/\/www.pixanimal-studio.com\/websites\/lavalleearcenciel\/wp-json\/wp\/v2\/media?parent=146"}],"curies":[{"name":"wp","href":"https:\/\/api.w.org\/{rel}","templated":true}]}}